{"id":165,"date":"2022-02-20T22:40:00","date_gmt":"2022-02-20T21:40:00","guid":{"rendered":"http:\/\/big-d-germany.de\/?page_id=165"},"modified":"2024-01-14T17:44:15","modified_gmt":"2024-01-14T16:44:15","slug":"podcast","status":"publish","type":"page","link":"https:\/\/big-d-germany.de\/?page_id=165","title":{"rendered":"Podcast"},"content":{"rendered":"\n<figure class=\"wp-block-image size-large is-resized\"><img loading=\"lazy\" decoding=\"async\" src=\"http:\/\/big-d-germany.de\/wp-content\/uploads\/2022\/02\/pjscheu_01-1024x768.jpeg\" alt=\"\" class=\"wp-image-169\" width=\"512\" height=\"384\" srcset=\"https:\/\/big-d-germany.de\/wp-content\/uploads\/2022\/02\/pjscheu_01-1024x768.jpeg 1024w, https:\/\/big-d-germany.de\/wp-content\/uploads\/2022\/02\/pjscheu_01-300x225.jpeg 300w, https:\/\/big-d-germany.de\/wp-content\/uploads\/2022\/02\/pjscheu_01-768x576.jpeg 768w, https:\/\/big-d-germany.de\/wp-content\/uploads\/2022\/02\/pjscheu_01-1536x1152.jpeg 1536w, https:\/\/big-d-germany.de\/wp-content\/uploads\/2022\/02\/pjscheu_01-2048x1536.jpeg 2048w\" sizes=\"auto, (max-width: 512px) 100vw, 512px\" \/><\/figure>\n\n\n\n<p>Philipp wird in sch\u00f6ner Regelm\u00e4\u00dfigkeit \u00fcber die kulinarischen Gen\u00fc\u00dfe aus den Stadien dieser Welt berichten.<\/p>\n","protected":false},"excerpt":{"rendered":"<p>Philipp wird in sch\u00f6ner Regelm\u00e4\u00dfigkeit \u00fcber die kulinarischen Gen\u00fc\u00dfe aus den Stadien dieser Welt berichten.<\/p>\n","protected":false},"author":1,"featured_media":51,"parent":0,"menu_order":0,"comment_status":"closed","ping_status":"closed","template":"","meta":{"footnotes":""},"class_list":["post-165","page","type-page","status-publish","has-post-thumbnail","hentry"],"_links":{"self":[{"href":"https:\/\/big-d-germany.de\/index.php?rest_route=\/wp\/v2\/pages\/165","targetHints":{"allow":["GET"]}}],"collection":[{"href":"https:\/\/big-d-germany.de\/index.php?rest_route=\/wp\/v2\/pages"}],"about":[{"href":"https:\/\/big-d-germany.de\/index.php?rest_route=\/wp\/v2\/types\/page"}],"author":[{"embeddable":true,"href":"https:\/\/big-d-germany.de\/index.php?rest_route=\/wp\/v2\/users\/1"}],"replies":[{"embeddable":true,"href":"https:\/\/big-d-germany.de\/index.php?rest_route=%2Fwp%2Fv2%2Fcomments&post=165"}],"version-history":[{"count":3,"href":"https:\/\/big-d-germany.de\/index.php?rest_route=\/wp\/v2\/pages\/165\/revisions"}],"predecessor-version":[{"id":305,"href":"https:\/\/big-d-germany.de\/index.php?rest_route=\/wp\/v2\/pages\/165\/revisions\/305"}],"wp:featuredmedia":[{"embeddable":true,"href":"https:\/\/big-d-germany.de\/index.php?rest_route=\/wp\/v2\/media\/51"}],"wp:attachment":[{"href":"https:\/\/big-d-germany.de\/index.php?rest_route=%2Fwp%2Fv2%2Fmedia&parent=165"}],"curies":[{"name":"wp","href":"https:\/\/api.w.org\/{rel}","templated":true}]}}